{"id":778,"date":"2025-11-06T09:55:40","date_gmt":"2025-11-06T09:55:40","guid":{"rendered":"https:\/\/boutique.chateaumazeyres.net\/?post_type=product&#038;p=778"},"modified":"2025-11-06T14:42:37","modified_gmt":"2025-11-06T14:42:37","slug":"chateau-mazeyres-signature-selection","status":"publish","type":"product","link":"https:\/\/boutique.chateaumazeyres.net\/en\/shop\/chateau-mazeyres-signature-selection\/","title":{"rendered":"Signature&#8217;s selection"},"content":{"rendered":"<p>Treat yourself with a selection of our wines.<\/p>\n<p>This selection is composed of :<\/p>\n<ul>\n<li>One bottle of Le Seuil de Mazeyres 2023<\/li>\n<li>One bottle of Ch\u00e2teau Mazeyres 2019<\/li>\n<li>One bottle of Ch\u00e2teau Mazeyres 2020<\/li>\n<li>One bottle of Ch\u00e2teau Mazeyres 2021<\/li>\n<li>One bottle of Ch\u00e2teau Mazeyres 2022<\/li>\n<li>One bottle of Ch\u00e2teau Mazeyres 2023<\/li>\n<\/ul>\n","protected":false},"excerpt":{"rendered":"<p>Treat yourself with a selection of our wines. This selection is composed of : One bottle of Le Seuil de Mazeyres 2023 One bottle of Ch\u00e2teau Mazeyres 2019 One bottle of Ch\u00e2teau Mazeyres 2020 One bottle of Ch\u00e2teau Mazeyres 2021 One bottle of Ch\u00e2teau Mazeyres 2022 One bottle of Ch\u00e2teau Mazeyres 2023<\/p>\n","protected":false},"featured_media":780,"template":"","meta":{"_acf_changed":false},"product_brand":[],"product_cat":[15],"product_tag":[],"class_list":{"0":"post-778","1":"product","2":"type-product","3":"status-publish","4":"has-post-thumbnail","6":"product_cat-uncategorized","7":"product_shipping_class-bouteilles-en","8":"description-off","10":"first","11":"instock","12":"featured","13":"taxable","14":"shipping-taxable","15":"purchasable","16":"product-type-simple"},"acf":[],"yoast_head":"<!-- This site is optimized with the Yoast SEO plugin v24.5 - https:\/\/yoast.com\/wordpress\/plugins\/seo\/ -->\n<title>Signature&#039;s selection - La boutique Ch\u00e2teau Mazeyres<\/title>\n<meta name=\"robots\" content=\"index, follow, max-snippet:-1, max-image-preview:large, max-video-preview:-1\" \/>\n<link rel=\"canonical\" href=\"https:\/\/boutique.chateaumazeyres.net\/en\/shop\/chateau-mazeyres-signature-selection\/\" \/>\n<meta property=\"og:locale\" content=\"en_US\" \/>\n<meta property=\"og:type\" content=\"article\" \/>\n<meta property=\"og:title\" content=\"Signature&#039;s selection - La boutique Ch\u00e2teau Mazeyres\" \/>\n<meta property=\"og:description\" content=\"Treat yourself with a selection of our wines. This selection is composed of : One bottle of Le Seuil de Mazeyres 2023 One bottle of Ch\u00e2teau Mazeyres 2019 One bottle of Ch\u00e2teau Mazeyres 2020 One bottle of Ch\u00e2teau Mazeyres 2021 One bottle of Ch\u00e2teau Mazeyres 2022 One bottle of Ch\u00e2teau Mazeyres 2023\" \/>\n<meta property=\"og:url\" content=\"https:\/\/boutique.chateaumazeyres.net\/en\/shop\/chateau-mazeyres-signature-selection\/\" \/>\n<meta property=\"og:site_name\" content=\"La boutique Ch\u00e2teau Mazeyres\" \/>\n<meta property=\"article:publisher\" content=\"https:\/\/www.facebook.com\/mazeyres\/\" \/>\n<meta property=\"article:modified_time\" content=\"2025-11-06T14:42:37+00:00\" \/>\n<meta property=\"og:image\" content=\"https:\/\/boutique.chateaumazeyres.net\/wp-content\/uploads\/2025\/11\/Selection-notre-univers.png\" \/>\n\t<meta property=\"og:image:width\" content=\"1000\" \/>\n\t<meta property=\"og:image:height\" content=\"1000\" \/>\n\t<meta property=\"og:image:type\" content=\"image\/png\" \/>\n<meta name=\"twitter:card\" content=\"summary_large_image\" \/>\n<meta name=\"twitter:label1\" content=\"Est. reading time\" \/>\n\t<meta name=\"twitter:data1\" content=\"1 minute\" \/>\n<script type=\"application\/ld+json\" class=\"yoast-schema-graph\">{\"@context\":\"https:\/\/schema.org\",\"@graph\":[{\"@type\":\"WebPage\",\"@id\":\"https:\/\/boutique.chateaumazeyres.net\/en\/shop\/chateau-mazeyres-signature-selection\/\",\"url\":\"https:\/\/boutique.chateaumazeyres.net\/en\/shop\/chateau-mazeyres-signature-selection\/\",\"name\":\"Signature's selection - La boutique Ch\u00e2teau Mazeyres\",\"isPartOf\":{\"@id\":\"https:\/\/boutique.chateaumazeyres.net\/en\/#website\"},\"primaryImageOfPage\":{\"@id\":\"https:\/\/boutique.chateaumazeyres.net\/en\/shop\/chateau-mazeyres-signature-selection\/#primaryimage\"},\"image\":{\"@id\":\"https:\/\/boutique.chateaumazeyres.net\/en\/shop\/chateau-mazeyres-signature-selection\/#primaryimage\"},\"thumbnailUrl\":\"https:\/\/boutique.chateaumazeyres.net\/wp-content\/uploads\/2025\/11\/Selection-notre-univers.png\",\"datePublished\":\"2025-11-06T09:55:40+00:00\",\"dateModified\":\"2025-11-06T14:42:37+00:00\",\"breadcrumb\":{\"@id\":\"https:\/\/boutique.chateaumazeyres.net\/en\/shop\/chateau-mazeyres-signature-selection\/#breadcrumb\"},\"inLanguage\":\"en-US\",\"potentialAction\":[{\"@type\":\"ReadAction\",\"target\":[\"https:\/\/boutique.chateaumazeyres.net\/en\/shop\/chateau-mazeyres-signature-selection\/\"]}]},{\"@type\":\"ImageObject\",\"inLanguage\":\"en-US\",\"@id\":\"https:\/\/boutique.chateaumazeyres.net\/en\/shop\/chateau-mazeyres-signature-selection\/#primaryimage\",\"url\":\"https:\/\/boutique.chateaumazeyres.net\/wp-content\/uploads\/2025\/11\/Selection-notre-univers.png\",\"contentUrl\":\"https:\/\/boutique.chateaumazeyres.net\/wp-content\/uploads\/2025\/11\/Selection-notre-univers.png\",\"width\":1000,\"height\":1000},{\"@type\":\"BreadcrumbList\",\"@id\":\"https:\/\/boutique.chateaumazeyres.net\/en\/shop\/chateau-mazeyres-signature-selection\/#breadcrumb\",\"itemListElement\":[{\"@type\":\"ListItem\",\"position\":1,\"name\":\"Home\",\"item\":\"https:\/\/boutique.chateaumazeyres.net\/en\/\"},{\"@type\":\"ListItem\",\"position\":2,\"name\":\"Boutique\",\"item\":\"https:\/\/boutique.chateaumazeyres.net\/en\/shop\/\"},{\"@type\":\"ListItem\",\"position\":3,\"name\":\"Signature&rsquo;s selection\"}]},{\"@type\":\"WebSite\",\"@id\":\"https:\/\/boutique.chateaumazeyres.net\/en\/#website\",\"url\":\"https:\/\/boutique.chateaumazeyres.net\/en\/\",\"name\":\"La boutique Ch\u00e2teau Mazeyres\",\"description\":\"\",\"publisher\":{\"@id\":\"https:\/\/boutique.chateaumazeyres.net\/en\/#organization\"},\"potentialAction\":[{\"@type\":\"SearchAction\",\"target\":{\"@type\":\"EntryPoint\",\"urlTemplate\":\"https:\/\/boutique.chateaumazeyres.net\/en\/?s={search_term_string}\"},\"query-input\":{\"@type\":\"PropertyValueSpecification\",\"valueRequired\":true,\"valueName\":\"search_term_string\"}}],\"inLanguage\":\"en-US\"},{\"@type\":\"Organization\",\"@id\":\"https:\/\/boutique.chateaumazeyres.net\/en\/#organization\",\"name\":\"La Boutique Ch\u00e2teau Mazeyres\",\"url\":\"https:\/\/boutique.chateaumazeyres.net\/en\/\",\"logo\":{\"@type\":\"ImageObject\",\"inLanguage\":\"en-US\",\"@id\":\"https:\/\/boutique.chateaumazeyres.net\/en\/#\/schema\/logo\/image\/\",\"url\":\"https:\/\/boutique.chateaumazeyres.net\/wp-content\/uploads\/2024\/10\/logo_chateau_mazeyres_la_boutique-main-retina.png\",\"contentUrl\":\"https:\/\/boutique.chateaumazeyres.net\/wp-content\/uploads\/2024\/10\/logo_chateau_mazeyres_la_boutique-main-retina.png\",\"width\":492,\"height\":120,\"caption\":\"La Boutique Ch\u00e2teau Mazeyres\"},\"image\":{\"@id\":\"https:\/\/boutique.chateaumazeyres.net\/en\/#\/schema\/logo\/image\/\"},\"sameAs\":[\"https:\/\/www.facebook.com\/mazeyres\/\"]}]}<\/script>\n<!-- \/ Yoast SEO plugin. -->","yoast_head_json":{"title":"Signature's selection - La boutique Ch\u00e2teau Mazeyres","robots":{"index":"index","follow":"follow","max-snippet":"max-snippet:-1","max-image-preview":"max-image-preview:large","max-video-preview":"max-video-preview:-1"},"canonical":"https:\/\/boutique.chateaumazeyres.net\/en\/shop\/chateau-mazeyres-signature-selection\/","og_locale":"en_US","og_type":"article","og_title":"Signature's selection - La boutique Ch\u00e2teau Mazeyres","og_description":"Treat yourself with a selection of our wines. This selection is composed of : One bottle of Le Seuil de Mazeyres 2023 One bottle of Ch\u00e2teau Mazeyres 2019 One bottle of Ch\u00e2teau Mazeyres 2020 One bottle of Ch\u00e2teau Mazeyres 2021 One bottle of Ch\u00e2teau Mazeyres 2022 One bottle of Ch\u00e2teau Mazeyres 2023","og_url":"https:\/\/boutique.chateaumazeyres.net\/en\/shop\/chateau-mazeyres-signature-selection\/","og_site_name":"La boutique Ch\u00e2teau Mazeyres","article_publisher":"https:\/\/www.facebook.com\/mazeyres\/","article_modified_time":"2025-11-06T14:42:37+00:00","og_image":[{"width":1000,"height":1000,"url":"https:\/\/boutique.chateaumazeyres.net\/wp-content\/uploads\/2025\/11\/Selection-notre-univers.png","type":"image\/png"}],"twitter_card":"summary_large_image","twitter_misc":{"Est. reading time":"1 minute"},"schema":{"@context":"https:\/\/schema.org","@graph":[{"@type":"WebPage","@id":"https:\/\/boutique.chateaumazeyres.net\/en\/shop\/chateau-mazeyres-signature-selection\/","url":"https:\/\/boutique.chateaumazeyres.net\/en\/shop\/chateau-mazeyres-signature-selection\/","name":"Signature's selection - La boutique Ch\u00e2teau Mazeyres","isPartOf":{"@id":"https:\/\/boutique.chateaumazeyres.net\/en\/#website"},"primaryImageOfPage":{"@id":"https:\/\/boutique.chateaumazeyres.net\/en\/shop\/chateau-mazeyres-signature-selection\/#primaryimage"},"image":{"@id":"https:\/\/boutique.chateaumazeyres.net\/en\/shop\/chateau-mazeyres-signature-selection\/#primaryimage"},"thumbnailUrl":"https:\/\/boutique.chateaumazeyres.net\/wp-content\/uploads\/2025\/11\/Selection-notre-univers.png","datePublished":"2025-11-06T09:55:40+00:00","dateModified":"2025-11-06T14:42:37+00:00","breadcrumb":{"@id":"https:\/\/boutique.chateaumazeyres.net\/en\/shop\/chateau-mazeyres-signature-selection\/#breadcrumb"},"inLanguage":"en-US","potentialAction":[{"@type":"ReadAction","target":["https:\/\/boutique.chateaumazeyres.net\/en\/shop\/chateau-mazeyres-signature-selection\/"]}]},{"@type":"ImageObject","inLanguage":"en-US","@id":"https:\/\/boutique.chateaumazeyres.net\/en\/shop\/chateau-mazeyres-signature-selection\/#primaryimage","url":"https:\/\/boutique.chateaumazeyres.net\/wp-content\/uploads\/2025\/11\/Selection-notre-univers.png","contentUrl":"https:\/\/boutique.chateaumazeyres.net\/wp-content\/uploads\/2025\/11\/Selection-notre-univers.png","width":1000,"height":1000},{"@type":"BreadcrumbList","@id":"https:\/\/boutique.chateaumazeyres.net\/en\/shop\/chateau-mazeyres-signature-selection\/#breadcrumb","itemListElement":[{"@type":"ListItem","position":1,"name":"Home","item":"https:\/\/boutique.chateaumazeyres.net\/en\/"},{"@type":"ListItem","position":2,"name":"Boutique","item":"https:\/\/boutique.chateaumazeyres.net\/en\/shop\/"},{"@type":"ListItem","position":3,"name":"Signature&rsquo;s selection"}]},{"@type":"WebSite","@id":"https:\/\/boutique.chateaumazeyres.net\/en\/#website","url":"https:\/\/boutique.chateaumazeyres.net\/en\/","name":"La boutique Ch\u00e2teau Mazeyres","description":"","publisher":{"@id":"https:\/\/boutique.chateaumazeyres.net\/en\/#organization"},"potentialAction":[{"@type":"SearchAction","target":{"@type":"EntryPoint","urlTemplate":"https:\/\/boutique.chateaumazeyres.net\/en\/?s={search_term_string}"},"query-input":{"@type":"PropertyValueSpecification","valueRequired":true,"valueName":"search_term_string"}}],"inLanguage":"en-US"},{"@type":"Organization","@id":"https:\/\/boutique.chateaumazeyres.net\/en\/#organization","name":"La Boutique Ch\u00e2teau Mazeyres","url":"https:\/\/boutique.chateaumazeyres.net\/en\/","logo":{"@type":"ImageObject","inLanguage":"en-US","@id":"https:\/\/boutique.chateaumazeyres.net\/en\/#\/schema\/logo\/image\/","url":"https:\/\/boutique.chateaumazeyres.net\/wp-content\/uploads\/2024\/10\/logo_chateau_mazeyres_la_boutique-main-retina.png","contentUrl":"https:\/\/boutique.chateaumazeyres.net\/wp-content\/uploads\/2024\/10\/logo_chateau_mazeyres_la_boutique-main-retina.png","width":492,"height":120,"caption":"La Boutique Ch\u00e2teau Mazeyres"},"image":{"@id":"https:\/\/boutique.chateaumazeyres.net\/en\/#\/schema\/logo\/image\/"},"sameAs":["https:\/\/www.facebook.com\/mazeyres\/"]}]}},"_links":{"self":[{"href":"https:\/\/boutique.chateaumazeyres.net\/en\/wp-json\/wp\/v2\/product\/778","targetHints":{"allow":["GET"]}}],"collection":[{"href":"https:\/\/boutique.chateaumazeyres.net\/en\/wp-json\/wp\/v2\/product"}],"about":[{"href":"https:\/\/boutique.chateaumazeyres.net\/en\/wp-json\/wp\/v2\/types\/product"}],"wp:featuredmedia":[{"embeddable":true,"href":"https:\/\/boutique.chateaumazeyres.net\/en\/wp-json\/wp\/v2\/media\/780"}],"wp:attachment":[{"href":"https:\/\/boutique.chateaumazeyres.net\/en\/wp-json\/wp\/v2\/media?parent=778"}],"wp:term":[{"taxonomy":"product_brand","embeddable":true,"href":"https:\/\/boutique.chateaumazeyres.net\/en\/wp-json\/wp\/v2\/product_brand?post=778"},{"taxonomy":"product_cat","embeddable":true,"href":"https:\/\/boutique.chateaumazeyres.net\/en\/wp-json\/wp\/v2\/product_cat?post=778"},{"taxonomy":"product_tag","embeddable":true,"href":"https:\/\/boutique.chateaumazeyres.net\/en\/wp-json\/wp\/v2\/product_tag?post=778"}],"curies":[{"name":"wp","href":"https:\/\/api.w.org\/{rel}","templated":true}]}}